{"id":15336,"date":"2017-10-11T11:55:53","date_gmt":"2017-10-11T18:55:53","guid":{"rendered":"https:\/\/datemixstaging.wpengine.com\/?page_id=15336"},"modified":"2021-07-26T04:24:09","modified_gmt":"2021-07-26T11:24:09","slug":"legal-cookiepolicy-de","status":"publish","type":"page","link":"https:\/\/www.zoosk.com\/date-mix\/legal-cookiepolicy-de\/","title":{"rendered":"Cookie-Richtlinien"},"content":{"rendered":"\n<h1 class=\"wp-block-heading\">COOKIE-RICHTLINIEN<\/h1>\n\n\n\n<h3 class=\"wp-block-heading\"><strong>Zusammenfassung<\/strong><\/h3>\n\n\n\n<p>Diese Cookie-Richtlinien erkl\u00e4ren, was Cookies sind und wie wir sie in unseren Diensten \u00fcber unsere Websites, aber auch Produkte und Anwendungen verwenden (darunter Zoosks mobile Anwendungen, herunterladbare Produkte und Anwendungen sowie Seiten, die von Zoosk auf sozialen Netzwerken und anderen Plattformen betrieben werden) (zusammenfassend als \u201eDienste\u201c bezeichnet). Sie erkl\u00e4ren auch, wie wir andere Technologie f\u00fcr Zwecke verwenden, die unserer Nutzung von Cookies \u00e4hnlich sind. Wir empfehlen Ihnen, die Richtlinien ganz durchzulesen, damit Sie verstehen, welche Daten wir \u00fcber Cookies erheben und wie wir diese verwenden.<\/p>\n\n\n\n<h3 class=\"wp-block-heading\"><strong>Was sind Cookies?<\/strong><\/h3>\n\n\n\n<p>Cookies sind Textdateien, die kleine Mengen von Daten enthalten und die auf das Ger\u00e4t, mit dem Sie surfen (etwa Ihren Computer oder Ihr Smartphone) heruntergeladen werden, wenn Sie eine Website besuchen. Cookies k\u00f6nnen von der Website, von der sie heruntergeladen wurden, und von anderen Websites, die dieselben Cookies verwenden, erkannt werden. Das hilft Websites festzustellen, ob dasselbe Ger\u00e4t sie schon einmal besucht hat.<\/p>\n\n\n\n<h3 class=\"wp-block-heading\"><strong>Was sind Z\u00e4hlpixel?<\/strong><\/h3>\n\n\n\n<p>Einige unserer Webseiten enthalten elektronische Bilder, so genannte Z\u00e4hlpixel (manchmal auch Clear gifs oder Pixel-Tags genannt). Ein Z\u00e4hlpixel ist in der Regel ein kleines Bild, das auf einer Website oder in einer E-Mail angebracht ist, die Sie betrachten. Die Anfrage Ihres mit dem Internet verbundenen Ger\u00e4ts, dieses Bild vom Server\/Computer aufzurufen, wo es gespeichert ist, wird aufgezeichnet und liefert uns Daten wie die IP-Adresse des Computers, der versucht, das Bild aufzurufen, die Zeit, zu der das Bild angesehen wurde, und den dazu verwendeten Browser. Diese Daten stehen jeder Website, die Sie besuchen, zur Verf\u00fcgung. Wir k\u00f6nnen sie zum Beispiel nutzen, um Cookies einzusetzen, Besuche zu z\u00e4hlen, Betrug zu verhindern und festzustellen, ob eine E-Mail oder ein Werbeelement ge\u00f6ffnet und ob darauf reagiert wurde. Cookies arbeiten also mit Z\u00e4hlpixeln zusammen, um die hierin beschriebenen Funktionen und Zwecke zu erf\u00fcllen.<\/p>\n\n\n\n<h3 class=\"wp-block-heading\"><strong>Wof\u00fcr werden Cookies verwendet?<\/strong><\/h3>\n\n\n\n<p>Cookies erf\u00fcllen viele verschiedene Aufgaben; sie helfen uns zu verstehen, wie unsere Website genutzt wird, erm\u00f6glichen Ihnen die effiziente Navigation zwischen den Seiten, speichern Ihre bevorzugten Einstellungen und gestalten insgesamt das Browsen f\u00fcr Sie angenehmer. Cookies k\u00f6nnen auch dazu beitragen, dass die Werbung, die Sie online zu sehen bekommen, f\u00fcr Sie relevanter und interessanter ist.<\/p>\n\n\n\n<h3 class=\"wp-block-heading\"><strong>Welche Arten von Cookies verwendet Zoosk?<\/strong><\/h3>\n\n\n\n<p>Die Arten von Cookies, die auf den meisten Websites verwendet werden, lassen sich in der Regel in eine der folgenden Kategorien einteilen: unbedingt notwendig, f\u00fcr Analyse, Funktionalit\u00e4t, Werbung, soziale Medien und Verhinderung von Betrug. Um Ihnen ein m\u00f6glichst angenehmes Browsing-Erlebnis zu bieten, k\u00f6nnen Zoosk und unsere Partner Cookies aus all diesen Kategorien verwenden. In der unten stehenden Tabelle erfahren Sie mehr \u00fcber die Cookies, die wir aus den einzelnen Kategorien verwenden.<\/p>\n\n\n\n<figure class=\"wp-block-table\"><table><tbody><tr><td>Unbedingt notwendige Cookies<\/td><td>Diese Cookies sind erforderlich, damit unsere Website funktioniert. Sie erm\u00f6glichen es Ihnen, sich auf der Site zu bewegen und ihre Elemente zu nutzen. Ohne diese Cookies k\u00f6nnen Dienste, die n\u00f6tig sind, damit Sie die Seite nutzen und zum Beispiel auf gesicherte Bereiche zugreifen k\u00f6nnen, nicht geboten werden. Dazu geh\u00f6ren die Cookies, die gebraucht werden, um Nutzer bei der Anmeldung zu identifizieren.<\/td><\/tr><tr><td>Analyse-Cookies<\/td><td>Diese Cookies sammeln Informationen dar\u00fcber, wie Menschen unsere Website nutzen, zum Beispiel welche Seiten am h\u00e4ufigsten besucht werden, wie Menschen sich von einem Link zum anderen bewegen und ob sie Fehlermeldungen von bestimmten Seiten bekommen. Diese Cookies sammeln keine Daten, mit denen Sie identifiziert werden k\u00f6nnen. Alle Daten, die diese Cookies sammeln, werden anonym mit Daten \u00fcber die Nutzung der Website durch andere Menschen zusammengefasst. Insgesamt liefern uns diese Cookies Analysedaten dar\u00fcber, wie gut unsere Website funktioniert und wie wir sie verbessern k\u00f6nnen.<\/td><\/tr><tr><td>Funktionalit\u00e4ts-Cookies<\/td><td>Mithilfe dieser Cookies k\u00f6nnen wir uns an Ihre fr\u00fcher getroffenen Entscheidungen erinnern und unsere Website so anpassen, dass Sie bessere Elemente und Inhalte vorfinden. Zum Beispiel k\u00f6nnen wir diese Cookies nutzen, um Ihren Nutzernamen, die von Ihnen gew\u00e4hlte Sprache und das Land zu speichern, und sie helfen, \u00c4nderungen zu speichern, die Sie an Schriftgr\u00f6\u00dfe, Schriftart oder anderen personalisierbaren Teilen der Seite vorgenommen haben. Au\u00dferdem k\u00f6nnen sie genutzt werden, um Dienste bereitzustellen, um die Sie gebeten haben, zum Beispiel unser Chat-Programm.<\/td><\/tr><tr><td>Werbe-Cookies<\/td><td>Diese Cookies werden verwendet, um Werbung in unseren Diensten und Anwendungen zu zeigen, um auf anderen Seiten und\/oder mobilen Anwendungen Nutzern, die unsere Website oder unsere Dienste besucht oder genutzt haben, Werbung zu zeigen, oder um Ihnen relevantere und interessantere Werbung zu zeigen. Diese Cookies werden auch genutzt, um einzuschr\u00e4nken, wie oft Sie eine Werbung zu sehen bekommen, und um die Ergebnisse und die Wirksamkeit einer Werbekampagne zu messen und zu dokumentieren. Sie speichern, dass Sie eine Website besucht haben, und diese Information kann an andere Organisationen, etwa Werbetreibende, weitergegeben werden. Das hei\u00dft, dass Sie auf unserem Dienst Werbung auf der Basis Ihrer Aktivit\u00e4ten an anderen Stellen im Netz zu sehen bekommen, und nachdem Sie unseren Dienst besucht haben, k\u00f6nnen Sie an anderen Stellen im Internet oder auf anderen Ger\u00e4ten, die Sie nutzen, Werbung f\u00fcr unsere oder andere Dienste zu sehen bekommen.<\/td><\/tr><tr><td>Cookies f\u00fcr soziale Medien<\/td><td>Um Ihr Internet-Erlebnis zu verbessern und das Teilen von Inhalten zu erleichtern, enthalten manche Seiten auf unserer Website Tools oder Anwendungen, die mit Drittanbietern von sozialen Medien verkn\u00fcpft sind, zum Beispiel mit Facebook oder Twitter. Durch diese Tools oder Anwendungen k\u00f6nnen die Anbieter von sozialen Medien eigene Cookies auf Ihrem Ger\u00e4t platzieren. Wir haben keinen Einfluss auf diese Cookies; informieren Sie sich auf der Website des jeweiligen Anbieters von sozialen Medien \u00fcber weitere Details, wie dieser Cookies verwendet.<\/td><\/tr><tr><td>Cookies zur Verhinderung von Betrug<\/td><td>Diese Cookie-Dateien, USB-Token, Smartphone-SDK-Anwendungen oder andere Software auf dem Ger\u00e4t des Endnutzers enthalten eine unverwechselbare Kennung. In der Folge wird bei Transaktionen zwischen Ihnen und uns auf diese Kennung zugegriffen und mit Datenbanken von Dritten abgeglichen, ob das Ger\u00e4t mit mutma\u00dflichem Betrug oder Missbrauch im Zusammenhang steht, den andere Online-Dienstanbieter in Verbindung mit fr\u00fcheren Transaktionen mit diesem Ger\u00e4t gemeldet haben.<\/td><\/tr><\/tbody><\/table><\/figure>\n\n\n\n<h3 class=\"wp-block-heading\"><strong>Wie lange bleiben die Cookies auf meinem Ger\u00e4t?<\/strong><\/h3>\n\n\n\n<p>Wie lange ein Cookie auf Ihrem Ger\u00e4t bleibt, h\u00e4ngt davon ab, ob es ein \u201edauerhaftes\u201c oder ein \u201eSession\u201c-Cookie ist. Session-Cookies bleiben nur so lange auf Ihrem Ger\u00e4t, wie Sie damit surfen. Dauerhafte Cookies bleiben auf Ihrem Ger\u00e4t, nachdem Sie den Browser geschlossen haben, bis sie ablaufen oder gel\u00f6scht werden.<\/p>\n\n\n\n<h3 class=\"wp-block-heading\"><strong>Cookies von Zoosk und von Dritten<\/strong><\/h3>\n\n\n\n<p>Wenn Sie unsere Website besuchen oder unseren Dienst nutzen, werden auf Ihrem Ger\u00e4t sowohl von Zoosk als auch von Dritten Cookies platziert. Sowohl die Cookies von Zoosk als auch die von Dritten k\u00f6nnen Analyse-, Funktionalit\u00e4ts- oder Werbezwecken dienen. Wir reagieren derzeit nicht auf \u201eDo Not Track\u201c-Signale von Ihrem Browser.<\/p>\n\n\n\n<p>Dritte, die Cookies \u00fcber unsere Website oder mobile Anwendung setzen, leisten uns auch Dienste, sorgen f\u00fcr eine Funktion unserer Website oder zeigen Werbung auf unserer Website oder unseren Anwendungen an, aber wir haben keinen Einfluss darauf, wie diese Dritten Cookies verwenden.<\/p>\n\n\n\n<h3 class=\"wp-block-heading\"><strong>Der Umgang mit Cookies von dieser Website<\/strong><\/h3>\n\n\n\n<h4 class=\"wp-block-heading\">Unsere Cookies (Cookies von Zoosk)<\/h4>\n\n\n\n<p>M\u00f6glicherweise bietet Ihr Browser, mit dem Sie diese Website betrachten, die M\u00f6glichkeit, Cookies zuzulassen, nicht zuzulassen oder zu l\u00f6schen. Befolgen Sie, wenn Sie dies tun wollen, die Anleitung in Ihrem Browser (in der Regel zu finden unter Men\u00fcpunkten wie \u201eHilfe\u201c, \u201eTools\u201c oder \u201eBearbeiten\u201c). Beachten Sie bitte, dass Sie m\u00f6glicherweise nicht auf gesicherte Bereiche der Website zugreifen k\u00f6nnen und auch andere Teile der Website eventuell nicht richtig funktionieren, wenn Sie Cookies nicht zulassen.<\/p>\n\n\n\n<p>Weitere Informationen dar\u00fcber, wie Sie die Cookie-Einstellungen in Ihrem Browser \u00e4ndern k\u00f6nnen, finden Sie in den technischen Informationen Ihres Browsers oder auf Informationsseiten von Dritten wie&nbsp;<a href=\"http:\/\/www.allaboutcookies.org\">www.allaboutcookies.org<\/a>. Sie k\u00f6nnen sich auch von gezielter Werbung auf Ihrem Mobilger\u00e4t abmelden, indem Sie \u201eKein Ad-Tracking\u201c (iOS) oder \u201ePersonalisierte Werbung deaktivieren\u201c (Android) ausw\u00e4hlen.<\/p>\n\n\n\n<h4 class=\"wp-block-heading\">Cookies von Dritten<\/h4>\n\n\n\n<p>Cookies, die von Dritten auf Ihrem Ger\u00e4t abgelegt werden, w\u00e4hrend Sie unsere Website und unsere Anwendungen betrachten, k\u00f6nnen Sie verwalten, indem Sie die Einstellungen Ihres Browsers anpassen (wie oben beschrieben), indem Sie die \u201eDo Not Track\u201c-Option Ihres Browsers ausw\u00e4hlen (wir haben allerdings keinen Einfluss darauf und k\u00f6nnen keine Aussage dar\u00fcber machen, ob diese Werbenetzwerke Dritter auf ein \u201eDo Not Track\u201c-Signal reagieren), oder indem Sie sich auf der Website des jeweiligen Dritten \u00fcber Cookie-Verwaltung und die M\u00f6glichkeiten, der Platzierung von Cookies durch diesen Dritten zu widersprechen, informieren. Manche Cookies von Dritten, die \u00fcber unsere Website platziert werden, stammen zum Beispiel von Google, darunter ein Analyse- und ein Werbe-Cookie. Sie k\u00f6nnen diesen Cookies direkt bei Google widersprechen. Informationen zum Widerspruch gegen Google-Cookies ist <a href=\"https:\/\/privacy.google.com\/take-control.html\">hier<\/a> zu finden. Wir k\u00f6nnen Analysedaten von Dritten verwenden, um unsere Werbekampagnen auf der Basis von fr\u00fcheren Besuchen eines Nutzers auf unseren Websites zu optimieren. Drittanbieter, darunter Google, k\u00f6nnen Cookies verwenden, um Ihnen unsere Werbung auf der Basis Ihrer fr\u00fcheren Besuche auf unseren Websites anzuzeigen, und das kann geschehen, wenn Sie andere Websites als die von Zoosk besuchen. Wir arbeiten auch mit Drittunternehmen zusammen, die Betrug entdecken und verhindern; sie sammeln Daten von unseren Diensten und den Ger\u00e4ten der Nutzer, um Zoosk Dienste im Bereich Entdeckung und Verhinderung von Betrug bereitzustellen. Wir gestatten unseren Partnern und anderen Werbenetzwerken, Cookies zu platzieren oder \u00e4hnliche Tracking-Technologie zu verwenden, wenn Sie unsere Website und Anwendungen oder Anzeigen auf unseren Diensten betrachten, um gezielte Inhalte und Werbung anzuzeigen, um Sie \u00fcber mehrere Ger\u00e4te hinweg zu erkennen und zu kontaktieren, um Analysen durchzuf\u00fchren und den Erfolg unserer Werbekampagnen zu kontrollieren, sowie zu anderen, \u00e4hnlichen Zwecken. Wie oben erw\u00e4hnt erm\u00f6glichen es die meisten Browser, folgende Einstellungen vorzunehmen, wenn Sie keine Cookies akzeptieren m\u00f6chten: (i) Sie werden informiert, wenn Sie ein Cookie erhalten, sodass Sie entscheiden k\u00f6nnen, ob Sie es akzeptieren oder nicht, (ii) vorhandene Cookies werden deaktiviert, oder (iii) Ihr Browser weist Cookies automatisch zur\u00fcck. Werden Cookies blockiert oder gel\u00f6scht, kann das Ihre Erfahrung bei der Nutzung des Dienstes negativ beeinflussen, weil manche Elemente und Dienste in unserem Dienst dann nicht richtig funktionieren.<\/p>\n\n\n\n<p>Die Werbenetzwerke, mit denen wir zusammenarbeiten, sind eventuell auch Mitglied der National Advertising Initiative oder der Digital Advertising Alliance. Weitere Informationen \u00fcber unsere Werbemethoden finden Sie in unseren Datenschutzrichtlinien und den h\u00e4ufig gestellten Fragen (FAQ) zum Datenschutz.<\/p>\n\n\n\n<p>Diese Cookie-Richtlinien wurden zuletzt am 15. Mai 2018 \u00fcberarbeitet. F\u00fcr Nutzer, die sich vor dem 15. Mai 2018 f\u00fcr unsere Dienste registriert haben, gelten diese Cookie-Richtlinien ab dem 25. Mai 2018.<\/p>\n\n\n<div id=\"ot-sdk-cookie-policy\"><\/div>\n\n\n<button id=\"ot-sdk-btn\" class=\"ot-sdk-show-settings\">Cookie Settings<\/button>\n","protected":false},"excerpt":{"rendered":"<p>COOKIE-RICHTLINIEN Zusammenfassung Diese Cookie-Richtlinien erkl\u00e4ren, was Cookies sind und wie wir sie in unseren Diensten \u00fcber unsere Websites, aber auch Produkte und Anwendungen verwenden (darunter Zoosks mobile Anwendungen, herunterladbare Produkte und Anwendungen sowie Seiten, die von Zoosk auf sozialen Netzwerken und anderen Plattformen betrieben werden) (zusammenfassend als \u201eDienste\u201c bezeichnet). Sie erkl\u00e4ren auch, wie wir andere [&hellip;]<\/p>\n","protected":false},"author":49,"featured_media":30855,"parent":0,"menu_order":0,"comment_status":"closed","ping_status":"closed","template":"templates\/legal.php","meta":{"_acf_changed":false,"footnotes":""},"class_list":["post-15336","page","type-page","status-publish","has-post-thumbnail","hentry"],"acf":[],"yoast_head":"<!-- This site is optimized with the Yoast SEO plugin v26.0 - https:\/\/yoast.com\/wordpress\/plugins\/seo\/ -->\n<title>Cookie-Richtlinien | The Date Mix<\/title>\n<meta name=\"robots\" content=\"noindex, follow\" \/>\n<meta property=\"og:locale\" content=\"en_US\" \/>\n<meta property=\"og:type\" content=\"article\" \/>\n<meta property=\"og:title\" content=\"Cookie-Richtlinien | The Date Mix\" \/>\n<meta property=\"og:description\" content=\"COOKIE-RICHTLINIEN Zusammenfassung Diese Cookie-Richtlinien erkl\u00e4ren, was Cookies sind und wie wir sie in unseren Diensten \u00fcber unsere Websites, aber auch Produkte und Anwendungen verwenden (darunter Zoosks mobile Anwendungen, herunterladbare Produkte und Anwendungen sowie Seiten, die von Zoosk auf sozialen Netzwerken und anderen Plattformen betrieben werden) (zusammenfassend als \u201eDienste\u201c bezeichnet). Sie erkl\u00e4ren auch, wie wir andere [&hellip;]\" \/>\n<meta property=\"og:url\" content=\"https:\/\/www.zoosk.com\/date-mix\/legal-cookiepolicy-de\/\" \/>\n<meta property=\"og:site_name\" content=\"The Date Mix\" \/>\n<meta property=\"article:publisher\" content=\"https:\/\/www.facebook.com\/Zoosk\/\" \/>\n<meta property=\"article:modified_time\" content=\"2021-07-26T11:24:09+00:00\" \/>\n<meta property=\"og:image\" content=\"https:\/\/dq1eylutsoz4u.cloudfront.net\/2016\/03\/22132223\/dating-and-relationship-advice.jpg\" \/>\n\t<meta property=\"og:image:width\" content=\"800\" \/>\n\t<meta property=\"og:image:height\" content=\"600\" \/>\n\t<meta property=\"og:image:type\" content=\"image\/jpeg\" \/>\n<meta name=\"twitter:card\" content=\"summary_large_image\" \/>\n<meta name=\"twitter:site\" content=\"@Zoosk\" \/>\n<meta name=\"twitter:label1\" content=\"Est. reading time\" \/>\n\t<meta name=\"twitter:data1\" content=\"9 minutes\" \/>\n<!-- \/ Yoast SEO plugin. -->","yoast_head_json":{"title":"Cookie-Richtlinien | The Date Mix","robots":{"index":"noindex","follow":"follow"},"og_locale":"en_US","og_type":"article","og_title":"Cookie-Richtlinien | The Date Mix","og_description":"COOKIE-RICHTLINIEN Zusammenfassung Diese Cookie-Richtlinien erkl\u00e4ren, was Cookies sind und wie wir sie in unseren Diensten \u00fcber unsere Websites, aber auch Produkte und Anwendungen verwenden (darunter Zoosks mobile Anwendungen, herunterladbare Produkte und Anwendungen sowie Seiten, die von Zoosk auf sozialen Netzwerken und anderen Plattformen betrieben werden) (zusammenfassend als \u201eDienste\u201c bezeichnet). Sie erkl\u00e4ren auch, wie wir andere [&hellip;]","og_url":"https:\/\/www.zoosk.com\/date-mix\/legal-cookiepolicy-de\/","og_site_name":"The Date Mix","article_publisher":"https:\/\/www.facebook.com\/Zoosk\/","article_modified_time":"2021-07-26T11:24:09+00:00","og_image":[{"width":800,"height":600,"url":"https:\/\/dq1eylutsoz4u.cloudfront.net\/2016\/03\/22132223\/dating-and-relationship-advice.jpg","type":"image\/jpeg"}],"twitter_card":"summary_large_image","twitter_site":"@Zoosk","twitter_misc":{"Est. reading time":"9 minutes"},"schema":{"@context":"https:\/\/schema.org","@graph":[{"@type":"WebPage","@id":"https:\/\/www.zoosk.com\/date-mix\/legal-cookiepolicy-de\/","url":"https:\/\/www.zoosk.com\/date-mix\/legal-cookiepolicy-de\/","name":"Cookie-Richtlinien | The Date Mix","isPartOf":{"@id":"https:\/\/www.zoosk.com\/date-mix\/#website"},"primaryImageOfPage":{"@id":"https:\/\/www.zoosk.com\/date-mix\/legal-cookiepolicy-de\/#primaryimage"},"image":{"@id":"https:\/\/www.zoosk.com\/date-mix\/legal-cookiepolicy-de\/#primaryimage"},"thumbnailUrl":"https:\/\/www.zoosk.com\/date-mix\/wp-content\/uploads\/2025\/04\/Zoosk-Default-Image.webp","datePublished":"2017-10-11T18:55:53+00:00","dateModified":"2021-07-26T11:24:09+00:00","breadcrumb":{"@id":"https:\/\/www.zoosk.com\/date-mix\/legal-cookiepolicy-de\/#breadcrumb"},"inLanguage":"en","potentialAction":[{"@type":"ReadAction","target":["https:\/\/www.zoosk.com\/date-mix\/legal-cookiepolicy-de\/"]}]},{"@type":"ImageObject","inLanguage":"en","@id":"https:\/\/www.zoosk.com\/date-mix\/legal-cookiepolicy-de\/#primaryimage","url":"https:\/\/www.zoosk.com\/date-mix\/wp-content\/uploads\/2025\/04\/Zoosk-Default-Image.webp","contentUrl":"https:\/\/www.zoosk.com\/date-mix\/wp-content\/uploads\/2025\/04\/Zoosk-Default-Image.webp","width":770,"height":480},{"@type":"BreadcrumbList","@id":"https:\/\/www.zoosk.com\/date-mix\/legal-cookiepolicy-de\/#breadcrumb","itemListElement":[{"@type":"ListItem","position":1,"name":"Home","item":"https:\/\/www.zoosk.com\/date-mix\/"},{"@type":"ListItem","position":2,"name":"Cookie-Richtlinien"}]},{"@type":"WebSite","@id":"https:\/\/www.zoosk.com\/date-mix\/#website","url":"https:\/\/www.zoosk.com\/date-mix\/","name":"The Date Mix","description":"Dating and Relationship Advice for Today&#039;s Daters","publisher":{"@id":"https:\/\/www.zoosk.com\/date-mix\/#organization"},"potentialAction":[{"@type":"SearchAction","target":{"@type":"EntryPoint","urlTemplate":"https:\/\/www.zoosk.com\/date-mix\/?s={search_term_string}"},"query-input":{"@type":"PropertyValueSpecification","valueRequired":true,"valueName":"search_term_string"}}],"inLanguage":"en"},{"@type":"Organization","@id":"https:\/\/www.zoosk.com\/date-mix\/#organization","name":"The Date Mix","url":"https:\/\/www.zoosk.com\/date-mix\/","logo":{"@type":"ImageObject","inLanguage":"en","@id":"https:\/\/www.zoosk.com\/date-mix\/#\/schema\/logo\/image\/","url":"https:\/\/www.zoosk.com\/date-mix\/wp-content\/uploads\/2021\/06\/TDM-logo.jpg","contentUrl":"https:\/\/www.zoosk.com\/date-mix\/wp-content\/uploads\/2021\/06\/TDM-logo.jpg","width":400,"height":400,"caption":"The Date Mix"},"image":{"@id":"https:\/\/www.zoosk.com\/date-mix\/#\/schema\/logo\/image\/"},"sameAs":["https:\/\/www.facebook.com\/Zoosk\/","https:\/\/x.com\/Zoosk"]}]}},"_links":{"self":[{"href":"https:\/\/www.zoosk.com\/date-mix\/wp-json\/wp\/v2\/pages\/15336","targetHints":{"allow":["GET"]}}],"collection":[{"href":"https:\/\/www.zoosk.com\/date-mix\/wp-json\/wp\/v2\/pages"}],"about":[{"href":"https:\/\/www.zoosk.com\/date-mix\/wp-json\/wp\/v2\/types\/page"}],"author":[{"embeddable":true,"href":"https:\/\/www.zoosk.com\/date-mix\/wp-json\/wp\/v2\/users\/49"}],"replies":[{"embeddable":true,"href":"https:\/\/www.zoosk.com\/date-mix\/wp-json\/wp\/v2\/comments?post=15336"}],"version-history":[{"count":0,"href":"https:\/\/www.zoosk.com\/date-mix\/wp-json\/wp\/v2\/pages\/15336\/revisions"}],"wp:featuredmedia":[{"embeddable":true,"href":"https:\/\/www.zoosk.com\/date-mix\/wp-json\/wp\/v2\/media\/30855"}],"wp:attachment":[{"href":"https:\/\/www.zoosk.com\/date-mix\/wp-json\/wp\/v2\/media?parent=15336"}],"curies":[{"name":"wp","href":"https:\/\/api.w.org\/{rel}","templated":true}]}}